{"id":515,"date":"2024-02-20T09:46:08","date_gmt":"2024-02-20T08:46:08","guid":{"rendered":"http:\/\/yss.gamba.dk\/?page_id=515"},"modified":"2024-06-20T10:44:17","modified_gmt":"2024-06-20T08:44:17","slug":"yacht-service-sjaelland","status":"publish","type":"page","link":"https:\/\/yss.gamba.dk\/","title":{"rendered":"Yacht Service Sj\u00e6lland"},"content":{"rendered":"\n<p><\/p>\n\n\n\n<div class=\"wp-block-cover aligncenter\" style=\"min-height:408px;aspect-ratio:unset;\"><span aria-hidden=\"true\" class=\"wp-block-cover__background has-neve-text-color-background-color has-background-dim-60 has-background-dim\"><\/span><img loading=\"lazy\" decoding=\"async\" width=\"2048\" height=\"1536\" class=\"wp-block-cover__image-background wp-image-791\" alt=\"\" src=\"https:\/\/yss.gamba.dk\/wp-content\/uploads\/2024\/06\/yss_kran1.png\" style=\"object-position:52% 71%\" data-object-fit=\"cover\" data-object-position=\"52% 71%\" srcset=\"https:\/\/yss.gamba.dk\/wp-content\/uploads\/2024\/06\/yss_kran1.png 2048w, https:\/\/yss.gamba.dk\/wp-content\/uploads\/2024\/06\/yss_kran1-300x225.png 300w, https:\/\/yss.gamba.dk\/wp-content\/uploads\/2024\/06\/yss_kran1-1024x768.png 1024w, https:\/\/yss.gamba.dk\/wp-content\/uploads\/2024\/06\/yss_kran1-768x576.png 768w, https:\/\/yss.gamba.dk\/wp-content\/uploads\/2024\/06\/yss_kran1-1536x1152.png 1536w\" sizes=\"auto, (max-width: 2048px) 100vw, 2048px\" \/><div class=\"wp-block-cover__inner-container is-layout-constrained wp-block-cover-is-layout-constrained\">\n<div class=\"wp-block-columns is-layout-flex wp-container-core-columns-is-layout-9d6595d7 wp-block-columns-is-layout-flex\">\n<div class=\"wp-block-column is-layout-flow wp-block-column-is-layout-flow\"><\/div>\n\n\n\n<div class=\"wp-block-column is-layout-flow wp-block-column-is-layout-flow\" style=\"flex-basis:75%\">\n<p class=\"has-text-align-center has-nv-text-dark-bg-color has-text-color has-link-color wp-elements-f45080f971d36cf9ac229a897d4fa90b\" style=\"font-size:50px\"><strong>Yacht Service Sj\u00e6lland<\/strong><\/p>\n\n\n\n<p class=\"has-text-align-left has-nv-site-bg-color has-text-color has-link-color has-medium-font-size wp-elements-9a92a443060ca3c0f8b6f7aeded09c85\">Opbevaring af lystb\u00e5de i afl\u00e5ste haller med alarmsystem samt udend\u00f8rs opbevaring. Kranservice p\u00e5 Nyk\u00f8bing Sj. havn med l\u00f8ft af b\u00e5de op til 23 tons.<\/p>\n<\/div>\n\n\n\n<div class=\"wp-block-column is-layout-flow wp-block-column-is-layout-flow\"><\/div>\n<\/div>\n<\/div><\/div>\n\n\n\n<div style=\"height:60px\" aria-hidden=\"true\" class=\"wp-block-spacer\"><\/div>\n\n\n\n<div class=\"wp-block-columns is-layout-flex wp-container-core-columns-is-layout-9d6595d7 wp-block-columns-is-layout-flex\">\n<div class=\"wp-block-column is-layout-flow wp-block-column-is-layout-flow\"><div class=\"wp-block-image\">\n<figure class=\"aligncenter size-full is-resized\"><img loading=\"lazy\" decoding=\"async\" width=\"800\" height=\"800\" src=\"http:\/\/yss.gamba.dk\/wp-content\/uploads\/2024\/02\/anker.png\" alt=\"\" class=\"wp-image-550\" style=\"width:50px\" srcset=\"https:\/\/yss.gamba.dk\/wp-content\/uploads\/2024\/02\/anker.png 800w, https:\/\/yss.gamba.dk\/wp-content\/uploads\/2024\/02\/anker-300x300.png 300w, https:\/\/yss.gamba.dk\/wp-content\/uploads\/2024\/02\/anker-150x150.png 150w, https:\/\/yss.gamba.dk\/wp-content\/uploads\/2024\/02\/anker-768x768.png 768w\" sizes=\"auto, (max-width: 800px) 100vw, 800px\" \/><\/figure>\n<\/div><\/div>\n\n\n\n<div class=\"wp-block-column is-layout-flow wp-block-column-is-layout-flow\"><div class=\"wp-block-image\">\n<figure class=\"aligncenter size-full is-resized\"><img loading=\"lazy\" decoding=\"async\" width=\"810\" height=\"652\" src=\"http:\/\/yss.gamba.dk\/wp-content\/uploads\/2024\/02\/kran.png\" alt=\"\" class=\"wp-image-551\" style=\"width:71px\" srcset=\"https:\/\/yss.gamba.dk\/wp-content\/uploads\/2024\/02\/kran.png 810w, https:\/\/yss.gamba.dk\/wp-content\/uploads\/2024\/02\/kran-300x241.png 300w, https:\/\/yss.gamba.dk\/wp-content\/uploads\/2024\/02\/kran-768x618.png 768w\" sizes=\"auto, (max-width: 810px) 100vw, 810px\" \/><\/figure>\n<\/div><\/div>\n\n\n\n<div class=\"wp-block-column is-layout-flow wp-block-column-is-layout-flow\"><div class=\"wp-block-image\">\n<figure class=\"aligncenter size-full is-resized\"><img loading=\"lazy\" decoding=\"async\" width=\"1000\" height=\"291\" src=\"https:\/\/yss.gamba.dk\/wp-content\/uploads\/2024\/06\/raymarine-salg-1.png\" alt=\"\" class=\"wp-image-783\" style=\"width:268px;height:auto\" srcset=\"https:\/\/yss.gamba.dk\/wp-content\/uploads\/2024\/06\/raymarine-salg-1.png 1000w, https:\/\/yss.gamba.dk\/wp-content\/uploads\/2024\/06\/raymarine-salg-1-300x87.png 300w, https:\/\/yss.gamba.dk\/wp-content\/uploads\/2024\/06\/raymarine-salg-1-768x223.png 768w\" sizes=\"auto, (max-width: 1000px) 100vw, 1000px\" \/><\/figure>\n<\/div><\/div>\n<\/div>\n\n\n\n<div class=\"wp-block-columns is-layout-flex wp-container-core-columns-is-layout-9d6595d7 wp-block-columns-is-layout-flex\">\n<div class=\"wp-block-column is-vertically-aligned-top is-layout-flow wp-block-column-is-layout-flow\" style=\"padding-right:var(--wp--preset--spacing--40);padding-left:var(--wp--preset--spacing--40)\">\n<p>L\u00e6s mere om vores b\u00e5dopbevaring, samt priser og meget andet p\u00e5 vores informations side.<\/p>\n<\/div>\n\n\n\n<div class=\"wp-block-column is-layout-flow wp-block-column-is-layout-flow\" style=\"padding-right:var(--wp--preset--spacing--40);padding-left:var(--wp--preset--spacing--40)\">\n<p>L\u00e6s mere om vores kranservice og tider for kranl\u00f8ft p\u00e5 Nyk\u00f8bing Sj. havn.<\/p>\n<\/div>\n\n\n\n<div class=\"wp-block-column is-vertically-aligned-top is-layout-flow wp-block-column-is-layout-flow\" style=\"border-style:none;border-width:0px;padding-top:0;padding-right:var(--wp--preset--spacing--40);padding-bottom:0;padding-left:var(--wp--preset--spacing--40)\">\n<p>Vi har ingen fysisk butik men er klar til b\u00e5de store og sm\u00e5 opgaver. S\u00e5 kontakt os gerne for et godt tilbud til din b\u00e5d.<\/p>\n<\/div>\n<\/div>\n\n\n\n<div class=\"wp-block-columns is-layout-flex wp-container-core-columns-is-layout-9d6595d7 wp-block-columns-is-layout-flex\">\n<div class=\"wp-block-column is-layout-flow wp-block-column-is-layout-flow\">\n<div class=\"wp-block-buttons is-content-justification-center is-layout-flex wp-container-core-buttons-is-layout-16018d1d wp-block-buttons-is-layout-flex\">\n<div class=\"wp-block-button is-style-primary\"><a class=\"wp-block-button__link wp-element-button\" href=\"https:\/\/yss.gamba.dk\/index.php\/baadopbevaring\/\">L\u00e6s mere&#8230;<\/a><\/div>\n<\/div>\n<\/div>\n\n\n\n<div class=\"wp-block-column is-layout-flow wp-block-column-is-layout-flow\">\n<div class=\"wp-block-buttons is-content-justification-center is-layout-flex wp-container-core-buttons-is-layout-16018d1d wp-block-buttons-is-layout-flex\">\n<div class=\"wp-block-button is-style-primary\"><a class=\"wp-block-button__link wp-element-button\" href=\"https:\/\/yss.gamba.dk\/index.php\/praktisk-information\/\">L\u00e6s mere&#8230;<\/a><\/div>\n<\/div>\n<\/div>\n\n\n\n<div class=\"wp-block-column is-layout-flow wp-block-column-is-layout-flow\">\n<div class=\"wp-block-buttons is-content-justification-center is-layout-flex wp-container-core-buttons-is-layout-16018d1d wp-block-buttons-is-layout-flex\">\n<div class=\"wp-block-button is-style-primary\"><a class=\"wp-block-button__link wp-element-button\" href=\"https:\/\/yss.gamba.dk\/index.php\/raymarine\/\">L\u00e6s mere&#8230;<\/a><\/div>\n<\/div>\n<\/div>\n<\/div>\n","protected":false},"excerpt":{"rendered":"<p>L\u00e6s mere om vores b\u00e5dopbevaring, samt priser og meget andet p\u00e5 vores informations side. L\u00e6s mere om vores kranservice og tider for kranl\u00f8ft p\u00e5 Nyk\u00f8bing Sj. havn. Vi har ingen fysisk butik men er klar til b\u00e5de store og sm\u00e5 opgaver. S\u00e5 kontakt os gerne for et godt tilbud til din b\u00e5d.<\/p>\n","protected":false},"author":1,"featured_media":0,"parent":0,"menu_order":0,"comment_status":"closed","ping_status":"closed","template":"","meta":{"neve_meta_sidebar":"","neve_meta_container":"","neve_meta_enable_content_width":"","neve_meta_content_width":0,"neve_meta_title_alignment":"","neve_meta_author_avatar":"","neve_post_elements_order":"","neve_meta_disable_header":"off","neve_meta_disable_footer":"","neve_meta_disable_title":"on","ngg_post_thumbnail":0,"footnotes":""},"class_list":["post-515","page","type-page","status-publish","hentry"],"_links":{"self":[{"href":"https:\/\/yss.gamba.dk\/index.php\/wp-json\/wp\/v2\/pages\/515","targetHints":{"allow":["GET"]}}],"collection":[{"href":"https:\/\/yss.gamba.dk\/index.php\/wp-json\/wp\/v2\/pages"}],"about":[{"href":"https:\/\/yss.gamba.dk\/index.php\/wp-json\/wp\/v2\/types\/page"}],"author":[{"embeddable":true,"href":"https:\/\/yss.gamba.dk\/index.php\/wp-json\/wp\/v2\/users\/1"}],"replies":[{"embeddable":true,"href":"https:\/\/yss.gamba.dk\/index.php\/wp-json\/wp\/v2\/comments?post=515"}],"version-history":[{"count":37,"href":"https:\/\/yss.gamba.dk\/index.php\/wp-json\/wp\/v2\/pages\/515\/revisions"}],"predecessor-version":[{"id":798,"href":"https:\/\/yss.gamba.dk\/index.php\/wp-json\/wp\/v2\/pages\/515\/revisions\/798"}],"wp:attachment":[{"href":"https:\/\/yss.gamba.dk\/index.php\/wp-json\/wp\/v2\/media?parent=515"}],"curies":[{"name":"wp","href":"https:\/\/api.w.org\/{rel}","templated":true}]}}