{"id":305,"date":"2024-02-19T21:29:26","date_gmt":"2024-02-19T20:29:26","guid":{"rendered":"http:\/\/yss.gamba.dk\/?page_id=305"},"modified":"2024-02-20T14:56:05","modified_gmt":"2024-02-20T13:56:05","slug":"firmaprofil","status":"publish","type":"page","link":"https:\/\/yss.gamba.dk\/index.php\/firmaprofil\/","title":{"rendered":"Firmaprofil"},"content":{"rendered":"\n<p><\/p>\n\n\n\n<h1 class=\"wp-block-heading\">Firmaprofil<\/h1>\n\n\n\n<p>Yacht Service Sj\u00e6lland ApS har siden 2001 serviceret lystb\u00e5de, og vi har specialiseret os i udlejning af vinteropbevaringspladser til lystb\u00e5de p\u00e5 havnen i Nyk\u00f8bing Sj\u00e6lland. Vi disponerer over fire moderne b\u00e5dhaller og en mastehal med et samlet areal p\u00e5 4000 m2 samt udend\u00f8rs opbevaring. Vi har egen mobilkran med modernet l\u00f8fteudstyr til b\u00e5de op til 23 tons og b\u00e5dbredde p\u00e5 5,5 meter.<\/p>\n\n\n\n<div class=\"wp-block-columns is-layout-flex wp-container-core-columns-is-layout-9d6595d7 wp-block-columns-is-layout-flex\">\n<div class=\"wp-block-column is-vertically-aligned-top is-layout-flow wp-block-column-is-layout-flow\" style=\"flex-basis:44.45%\">\n<figure class=\"wp-block-pullquote has-text-align-left\" style=\"font-size:12px\"><blockquote><p>Der anvendes et moderne og sikkert transport- og stativsystem samt b\u00e5dvogne til h\u00e5ndtering af lystb\u00e5de op til 23 tons. I mastehallen kan vi opbevare og h\u00e5ndtere mastel\u00e6ngder op til 30 meter.<\/p><\/blockquote><\/figure>\n\n\n\n<p><\/p>\n\n\n\n<p>Havnen i Nyk\u00f8bing Sj\u00e6lland, der ejes af Odsherred Kommune, ligger som A-havn godt beskyttet i Nyk\u00f8bing bugt ved indsejlingen til Isefjorden.<br>Yacht Service Sj\u00e6lland ApS kan tilbyde eller formidle servicel\u00f8sninger inden for alle fagomr\u00e5der omfattende alt fra total service, til de enkelte opgaver der m\u00e5tte v\u00e6re behov for.<\/p>\n<\/div>\n\n\n\n<div class=\"wp-block-column is-vertically-aligned-top is-layout-flow wp-block-column-is-layout-flow\" style=\"flex-basis:60px\">\n<p> <\/p>\n<\/div>\n\n\n\n<div class=\"wp-block-column is-layout-flow wp-block-column-is-layout-flow\" style=\"flex-basis:40%\">\nngg_shortcode_0_placeholder\n<\/div>\n<\/div>\n\n\n\n<div class=\"wp-block-columns is-layout-flex wp-container-core-columns-is-layout-9d6595d7 wp-block-columns-is-layout-flex\">\n<div class=\"wp-block-column is-layout-flow wp-block-column-is-layout-flow\" style=\"flex-basis:100%\"><\/div>\n<\/div>\n","protected":false},"excerpt":{"rendered":"<p>Firmaprofil Yacht Service Sj\u00e6lland ApS har siden 2001 serviceret lystb\u00e5de, og vi har specialiseret os i udlejning af vinteropbevaringspladser til lystb\u00e5de p\u00e5 havnen i Nyk\u00f8bing Sj\u00e6lland. Vi disponerer over fire moderne b\u00e5dhaller og en mastehal med et samlet areal p\u00e5 4000 m2 samt udend\u00f8rs opbevaring. Vi har egen mobilkran med modernet l\u00f8fteudstyr til b\u00e5de op&hellip;&nbsp;<a href=\"https:\/\/yss.gamba.dk\/index.php\/firmaprofil\/\" class=\"\" rel=\"bookmark\">L\u00e6s mere &raquo;<span class=\"screen-reader-text\">Firmaprofil<\/span><\/a><\/p>\n","protected":false},"author":1,"featured_media":0,"parent":0,"menu_order":0,"comment_status":"closed","ping_status":"closed","template":"","meta":{"neve_meta_sidebar":"","neve_meta_container":"","neve_meta_enable_content_width":"","neve_meta_content_width":0,"neve_meta_title_alignment":"","neve_meta_author_avatar":"","neve_post_elements_order":"","neve_meta_disable_header":"","neve_meta_disable_footer":"","neve_meta_disable_title":"on","ngg_post_thumbnail":0,"footnotes":""},"class_list":["post-305","page","type-page","status-publish","hentry"],"_links":{"self":[{"href":"https:\/\/yss.gamba.dk\/index.php\/wp-json\/wp\/v2\/pages\/305","targetHints":{"allow":["GET"]}}],"collection":[{"href":"https:\/\/yss.gamba.dk\/index.php\/wp-json\/wp\/v2\/pages"}],"about":[{"href":"https:\/\/yss.gamba.dk\/index.php\/wp-json\/wp\/v2\/types\/page"}],"author":[{"embeddable":true,"href":"https:\/\/yss.gamba.dk\/index.php\/wp-json\/wp\/v2\/users\/1"}],"replies":[{"embeddable":true,"href":"https:\/\/yss.gamba.dk\/index.php\/wp-json\/wp\/v2\/comments?post=305"}],"version-history":[{"count":24,"href":"https:\/\/yss.gamba.dk\/index.php\/wp-json\/wp\/v2\/pages\/305\/revisions"}],"predecessor-version":[{"id":736,"href":"https:\/\/yss.gamba.dk\/index.php\/wp-json\/wp\/v2\/pages\/305\/revisions\/736"}],"wp:attachment":[{"href":"https:\/\/yss.gamba.dk\/index.php\/wp-json\/wp\/v2\/media?parent=305"}],"curies":[{"name":"wp","href":"https:\/\/api.w.org\/{rel}","templated":true}]}}